{"id":4,"date":"2016-08-27T15:20:33","date_gmt":"2016-08-27T13:20:33","guid":{"rendered":"http:\/\/rapidfire.digitalcraft.pl\/?page_id=4"},"modified":"2023-04-26T17:06:44","modified_gmt":"2023-04-26T15:06:44","slug":"strona-glowna","status":"publish","type":"page","link":"https:\/\/rapidfire.pl\/en\/","title":{"rendered":"Strona G\u0142\u00f3wna"},"content":{"rendered":"","protected":false},"excerpt":{"rendered":"","protected":false},"author":3,"featured_media":0,"parent":0,"menu_order":0,"comment_status":"closed","ping_status":"closed","template":"","meta":[],"acf":[],"yoast_head":"<!-- This site is optimized with the Yoast SEO plugin v20.7 - https:\/\/yoast.com\/wordpress\/plugins\/seo\/ -->\n<title>Rapidfire - maszyny CNC, laser, plazma<\/title>\n<meta name=\"description\" content=\"Producent maszyn CNC do ci\u0119cia plazm\u0105 oraz laserem. W ofercie przecinarki plazmowe, lasorewe, urz\u0105dzenia do ci\u0119cia rur i profili.\" \/>\n<meta name=\"robots\" content=\"index, follow, max-snippet:-1, max-image-preview:large, max-video-preview:-1\" \/>\n<link rel=\"canonical\" href=\"https:\/\/rapidfire.pl\/en\/\" \/>\n<meta property=\"og:locale\" content=\"en_US\" \/>\n<meta property=\"og:type\" content=\"article\" \/>\n<meta property=\"og:title\" content=\"Rapidfire - maszyny CNC, laser, plazma\" \/>\n<meta property=\"og:description\" content=\"Producent maszyn CNC do ci\u0119cia plazm\u0105 oraz laserem. W ofercie przecinarki plazmowe, lasorewe, urz\u0105dzenia do ci\u0119cia rur i profili.\" \/>\n<meta property=\"og:url\" content=\"https:\/\/rapidfire.pl\/en\/\" \/>\n<meta property=\"article:publisher\" content=\"https:\/\/pl-pl.facebook.com\/people\/Rapid-Fire-CNC\/100068915857266\/\" \/>\n<meta property=\"article:modified_time\" content=\"2023-04-26T15:06:44+00:00\" \/>\n<meta name=\"twitter:card\" content=\"summary_large_image\" \/>\n<script type=\"application\/ld+json\" class=\"yoast-schema-graph\">{\"@context\":\"https:\/\/schema.org\",\"@graph\":[{\"@type\":\"WebPage\",\"@id\":\"https:\/\/rapidfire.pl\/en\/\",\"url\":\"https:\/\/rapidfire.pl\/en\/\",\"name\":\"Rapidfire - maszyny CNC, laser, plazma\",\"isPartOf\":{\"@id\":\"https:\/\/rapidfire.pl\/en\/#website\"},\"datePublished\":\"2016-08-27T13:20:33+00:00\",\"dateModified\":\"2023-04-26T15:06:44+00:00\",\"description\":\"Producent maszyn CNC do ci\u0119cia plazm\u0105 oraz laserem. W ofercie przecinarki plazmowe, lasorewe, urz\u0105dzenia do ci\u0119cia rur i profili.\",\"breadcrumb\":{\"@id\":\"https:\/\/rapidfire.pl\/en\/#breadcrumb\"},\"inLanguage\":\"en-US\",\"potentialAction\":[{\"@type\":\"ReadAction\",\"target\":[[\"https:\/\/rapidfire.pl\/en\/\"]]}]},{\"@type\":\"BreadcrumbList\",\"@id\":\"https:\/\/rapidfire.pl\/en\/#breadcrumb\",\"itemListElement\":[{\"@type\":\"ListItem\",\"position\":1,\"name\":\"Strona g\u0142\u00f3wna\",\"item\":\"https:\/\/rapidfire.pl\/en\/\"},{\"@type\":\"ListItem\",\"position\":2,\"name\":\"Strona G\u0142\u00f3wna\"}]},{\"@type\":\"WebSite\",\"@id\":\"https:\/\/rapidfire.pl\/en\/#website\",\"url\":\"https:\/\/rapidfire.pl\/en\/\",\"name\":\"Rapidfire\",\"description\":\"\",\"publisher\":{\"@id\":\"https:\/\/rapidfire.pl\/en\/#organization\"},\"potentialAction\":[{\"@type\":\"SearchAction\",\"target\":{\"@type\":\"EntryPoint\",\"urlTemplate\":\"https:\/\/rapidfire.pl\/en\/?s={search_term_string}\"},\"query-input\":\"required name=search_term_string\"}],\"inLanguage\":\"en-US\"},{\"@type\":\"Organization\",\"@id\":\"https:\/\/rapidfire.pl\/en\/#organization\",\"name\":\"Rapidfire\",\"url\":\"https:\/\/rapidfire.pl\/en\/\",\"logo\":{\"@type\":\"ImageObject\",\"inLanguage\":\"en-US\",\"@id\":\"https:\/\/rapidfire.pl\/en\/#\/schema\/logo\/image\/\",\"url\":\"https:\/\/rapidfire.pl\/wp-content\/uploads\/2016\/11\/logo-stopkaOST.png\",\"contentUrl\":\"https:\/\/rapidfire.pl\/wp-content\/uploads\/2016\/11\/logo-stopkaOST.png\",\"width\":750,\"height\":100,\"caption\":\"Rapidfire\"},\"image\":{\"@id\":\"https:\/\/rapidfire.pl\/en\/#\/schema\/logo\/image\/\"},\"sameAs\":[\"https:\/\/pl-pl.facebook.com\/people\/Rapid-Fire-CNC\/100068915857266\/\"]}]}<\/script>\n<!-- \/ Yoast SEO plugin. -->","yoast_head_json":{"title":"Rapidfire - maszyny CNC, laser, plazma","description":"Producent maszyn CNC do ci\u0119cia plazm\u0105 oraz laserem. W ofercie przecinarki plazmowe, lasorewe, urz\u0105dzenia do ci\u0119cia rur i profili.","robots":{"index":"index","follow":"follow","max-snippet":"max-snippet:-1","max-image-preview":"max-image-preview:large","max-video-preview":"max-video-preview:-1"},"canonical":"https:\/\/rapidfire.pl\/en\/","og_locale":"en_US","og_type":"article","og_title":"Rapidfire - maszyny CNC, laser, plazma","og_description":"Producent maszyn CNC do ci\u0119cia plazm\u0105 oraz laserem. W ofercie przecinarki plazmowe, lasorewe, urz\u0105dzenia do ci\u0119cia rur i profili.","og_url":"https:\/\/rapidfire.pl\/en\/","article_publisher":"https:\/\/pl-pl.facebook.com\/people\/Rapid-Fire-CNC\/100068915857266\/","article_modified_time":"2023-04-26T15:06:44+00:00","twitter_card":"summary_large_image","schema":{"@context":"https:\/\/schema.org","@graph":[{"@type":"WebPage","@id":"https:\/\/rapidfire.pl\/en\/","url":"https:\/\/rapidfire.pl\/en\/","name":"Rapidfire - maszyny CNC, laser, plazma","isPartOf":{"@id":"https:\/\/rapidfire.pl\/en\/#website"},"datePublished":"2016-08-27T13:20:33+00:00","dateModified":"2023-04-26T15:06:44+00:00","description":"Producent maszyn CNC do ci\u0119cia plazm\u0105 oraz laserem. W ofercie przecinarki plazmowe, lasorewe, urz\u0105dzenia do ci\u0119cia rur i profili.","breadcrumb":{"@id":"https:\/\/rapidfire.pl\/en\/#breadcrumb"},"inLanguage":"en-US","potentialAction":[{"@type":"ReadAction","target":[["https:\/\/rapidfire.pl\/en\/"]]}]},{"@type":"BreadcrumbList","@id":"https:\/\/rapidfire.pl\/en\/#breadcrumb","itemListElement":[{"@type":"ListItem","position":1,"name":"Strona g\u0142\u00f3wna","item":"https:\/\/rapidfire.pl\/en\/"},{"@type":"ListItem","position":2,"name":"Strona G\u0142\u00f3wna"}]},{"@type":"WebSite","@id":"https:\/\/rapidfire.pl\/en\/#website","url":"https:\/\/rapidfire.pl\/en\/","name":"Rapidfire","description":"","publisher":{"@id":"https:\/\/rapidfire.pl\/en\/#organization"},"potentialAction":[{"@type":"SearchAction","target":{"@type":"EntryPoint","urlTemplate":"https:\/\/rapidfire.pl\/en\/?s={search_term_string}"},"query-input":"required name=search_term_string"}],"inLanguage":"en-US"},{"@type":"Organization","@id":"https:\/\/rapidfire.pl\/en\/#organization","name":"Rapidfire","url":"https:\/\/rapidfire.pl\/en\/","logo":{"@type":"ImageObject","inLanguage":"en-US","@id":"https:\/\/rapidfire.pl\/en\/#\/schema\/logo\/image\/","url":"https:\/\/rapidfire.pl\/wp-content\/uploads\/2016\/11\/logo-stopkaOST.png","contentUrl":"https:\/\/rapidfire.pl\/wp-content\/uploads\/2016\/11\/logo-stopkaOST.png","width":750,"height":100,"caption":"Rapidfire"},"image":{"@id":"https:\/\/rapidfire.pl\/en\/#\/schema\/logo\/image\/"},"sameAs":["https:\/\/pl-pl.facebook.com\/people\/Rapid-Fire-CNC\/100068915857266\/"]}]}},"_links":{"self":[{"href":"https:\/\/rapidfire.pl\/en\/wp-json\/wp\/v2\/pages\/4"}],"collection":[{"href":"https:\/\/rapidfire.pl\/en\/wp-json\/wp\/v2\/pages"}],"about":[{"href":"https:\/\/rapidfire.pl\/en\/wp-json\/wp\/v2\/types\/page"}],"author":[{"embeddable":true,"href":"https:\/\/rapidfire.pl\/en\/wp-json\/wp\/v2\/users\/3"}],"replies":[{"embeddable":true,"href":"https:\/\/rapidfire.pl\/en\/wp-json\/wp\/v2\/comments?post=4"}],"version-history":[{"count":37,"href":"https:\/\/rapidfire.pl\/en\/wp-json\/wp\/v2\/pages\/4\/revisions"}],"predecessor-version":[{"id":1165,"href":"https:\/\/rapidfire.pl\/en\/wp-json\/wp\/v2\/pages\/4\/revisions\/1165"}],"wp:attachment":[{"href":"https:\/\/rapidfire.pl\/en\/wp-json\/wp\/v2\/media?parent=4"}],"curies":[{"name":"wp","href":"https:\/\/api.w.org\/{rel}","templated":true}]}}